{"id":16,"date":"2020-02-13T14:31:45","date_gmt":"2020-02-13T13:31:45","guid":{"rendered":"https:\/\/produktr\u00fcckruf.at\/?page_id=16"},"modified":"2020-03-03T20:22:46","modified_gmt":"2020-03-03T19:22:46","slug":"pflichten-als-lebensmittelunternehmer","status":"publish","type":"page","link":"https:\/\/produktr\u00fcckruf.at\/?page_id=16","title":{"rendered":"Pflichten als Lebensmittelunternehmer"},"content":{"rendered":"<div class=\"wpb-content-wrapper\"><p>[vc_row anchor=&#8220;AnkerP1&#8243;][vc_column width=&#8220;1\/4&#8243; css=&#8220;.vc_custom_1582080642290{padding-top: 88px !important;padding-right: 3% !important;}&#8220; col_shadow=&#8220;box_shadow_enable:disable|shadow_horizontal:0|shadow_vertical:15|shadow_blur:50|shadow_spread:0|box_shadow_color:rgba(0%2C0%2C0%2C0.35)&#8220; col_shadow_hover=&#8220;box_shadow_enable:disable|shadow_horizontal:0|shadow_vertical:15|shadow_blur:50|shadow_spread:0|box_shadow_color:rgba(0%2C0%2C0%2C0.35)&#8220; offset=&#8220;vc_hidden-md vc_hidden-sm vc_hidden-xs&#8220;][vc_column_text css=&#8220;.vc_custom_1583075265505{padding-right: 5% !important;padding-left: 2% !important;}&#8220;]<\/p>\n<blockquote>\n<p>Es ist wesentlich, ein System f\u00fcr einen m\u00f6glichen R\u00fcckruf im Unternehmen zu etablieren.<\/p>\n<\/blockquote>\n<p>[\/vc_column_text][\/vc_column][vc_column width=&#8220;3\/4&#8243; col_shadow=&#8220;box_shadow_enable:disable|shadow_horizontal:0|shadow_vertical:15|shadow_blur:50|shadow_spread:0|box_shadow_color:rgba(0%2C0%2C0%2C0.35)&#8220; col_shadow_hover=&#8220;box_shadow_enable:disable|shadow_horizontal:0|shadow_vertical:15|shadow_blur:50|shadow_spread:0|box_shadow_color:rgba(0%2C0%2C0%2C0.35)&#8220; css=&#8220;.vc_custom_1582080534846{padding-top: 85px !important;}&#8220;][vc_column_text css=&#8220;.vc_custom_1583260815954{margin-right: 10px !important;margin-bottom: 60px !important;margin-left: 10px !important;}&#8220;]<\/p>\n<h1>Unternehmerische Verantwortung<\/h1>\n<p>Als Lebensmittelunternehmer sind Sie verantwortlich daf\u00fcr, dass Ihr Produkt den Anforderungen des Lebensmittelrechts und damit auch der Lebensmittelsicherheit gerecht wird. Allem voran bedeutet das, sichere Lebensmittel in Verkehr zu bringen. Aber es kann immer etwas schief gehen.<\/p>\n<p>Daher sind zwei Punkte im Rahmen Ihrer Verantwortung besonders wichtig. Einerseits die\u00a0<strong><a href=\"https:\/\/produktr\u00fcckruf.at\/?page_id=16\/#AnkerP2\">R\u00fcckverfolgbarkeit<\/a>\u00a0<\/strong>und dann das Verfahren der\u00a0<strong><a href=\"https:\/\/produktr\u00fcckruf.at\/#Anker5\">R\u00fccknahme bzw. R\u00fcckruf<\/a>\u00a0\u00a0<\/strong>von nicht den Grunds\u00e4tzen der Lebensmittelsicherheit entsprechenden Waren.[\/vc_column_text]<div class=\"dfd-delimier-main-wrapper \" ><div id=\"dfd-delimiter-69e3a5cf631db-8042\"  class=\"dfd-delimier-wrapper dfd-delimiter-with-line \"  style='text-align:left; ' ><span><span class=\"line\" style=\"border-bottom-color:#eaeaea;border-bottom-width:3px; border-bottom-style:dotted; \"><\/span><\/span><\/div><\/div>[\/vc_column][\/vc_row][vc_row one_page_title=&#8220;Anforderungen an die Lebensmittelsicherheit&#8220; anchor=&#8220;AnkerP2&#8243;][vc_column width=&#8220;1\/4&#8243; offset=&#8220;vc_hidden-md vc_hidden-sm vc_hidden-xs&#8220; col_shadow=&#8220;box_shadow_enable:disable|shadow_horizontal:0|shadow_vertical:15|shadow_blur:50|shadow_spread:0|box_shadow_color:rgba(0%2C0%2C0%2C0.35)&#8220; col_shadow_hover=&#8220;box_shadow_enable:disable|shadow_horizontal:0|shadow_vertical:15|shadow_blur:50|shadow_spread:0|box_shadow_color:rgba(0%2C0%2C0%2C0.35)&#8220;][\/vc_column][vc_column width=&#8220;3\/4&#8243; col_shadow=&#8220;box_shadow_enable:disable|shadow_horizontal:0|shadow_vertical:15|shadow_blur:50|shadow_spread:0|box_shadow_color:rgba(0%2C0%2C0%2C0.35)&#8220; col_shadow_hover=&#8220;box_shadow_enable:disable|shadow_horizontal:0|shadow_vertical:15|shadow_blur:50|shadow_spread:0|box_shadow_color:rgba(0%2C0%2C0%2C0.35)&#8220; css=&#8220;.vc_custom_1582080605708{padding-top: 85px !important;}&#8220;][vc_column_text item_animation=&#8220;transition.fadeIn&#8220; css=&#8220;.vc_custom_1583261679063{margin-bottom: 18px !important;}&#8220;]<\/p>\n<h1>R\u00fcckverfolgbarkeit \u2013 Was wird verlangt?<\/h1>\n<h2>Ihr Pflichtenprogramm im Rahmen der \u201eR\u00fcckverfolgbarkeit\u201c<\/h2>\n<p>Die R\u00fcckverfolgbarkeit ist ein wichtiger Teil Ihres Unternehmens.<\/p>\n<p>Ziel dabei ist die Sicherstellung der Lebensmittelsicherheit im Binnenmarkt und die M\u00f6glichkeit zur effizienten, gezielten und pr\u00e4zisen R\u00fccknahme von Lebensmittel, f\u00fcr den Fall, dass Ihr Lebensmittel nicht sicher ist.<\/p>\n<p>Daher ist es notwendig, ein Verfahren zu entwickeln, um die Inverkehrbringung aufrollen und so im Fall der F\u00e4lle das Ziel der Lebensmittelsicherheit gew\u00e4hrleisten zu k\u00f6nnen.<\/p>\n<p>Das Gesetz gibt nicht genau vor, WIE Sie ihre Systeme und Verfahren einzurichten haben. Sie haben die R\u00fcckverfolgbarkeitssysteme und die Tauglichkeit Ihrer Systeme und Verfahren je nach Art und Gr\u00f6\u00dfe Ihres Betriebes anzupassen.<\/p>\n<h3>Was wird von Ihnen im Rahmen der R\u00fcckverfolgbarkeit verlangt?<\/h3>\n<p><br class=\"clear\" \/>Es muss festgestellt werden k\u00f6nnen, von wem Sie ein Erzeugnis erhalten haben und an wen Sie ein Erzeugnis geliefert haben. Mit anderen Worten: Das in der Lebensmittelkette jeweils vor- und nachgelagerte Unternehmen muss feststellbar sein.<\/p>\n<p>Daf\u00fcr m\u00fcssen Sie ein System und Verfahren einrichten, mit denen diese Informationen den zust\u00e4ndigen Beh\u00f6rden nach Aufforderung mitgeteilt werden k\u00f6nnen.<\/p>\n<p>Dieses System muss feststellen k\u00f6nnen, wer der direkte Lieferant und der direkte Abnehmer Ihrer Erzeugnisse ist; daher muss es m\u00f6glich sein genau zu \u00fcberpr\u00fcfen, welches Erzeugnis von welchem Lieferanten geliefert wurde (Lieferant-Erzeugnis Verbindung) und welche Erzeugnisse an welchen Kunden geliefert wurden; Achtung: Wenn der direkte Abnehmer ein Endverbraucher ist, ist dieser nat\u00fcrlich nicht zu ermitteln.<\/p>\n<p>Dies ganz nach dem Motto: \u201eJedes Glied dieser Kette kann eine potenzielle Auswirkung auf die Lebensmittelsicherheit haben\u201c.[\/vc_column_text][vc_column_text css=&#8220;.vc_custom_1583261737407{margin-top: 18px !important;margin-bottom: 18px !important;}&#8220;]<\/p>\n<h3>Informationen die den Beh\u00f6rden in jedem Fall zur Verf\u00fcgung gestellt werden m\u00fcssen:<\/h3>\n<p>[\/vc_column_text]<div id=\"dfd-icon-list-69e3a5cf63260-2050\" class=\"dfd-icon-list-wrap  style-1  \" ><ul class=\"dfd-icon-list\"><li class=\"\"><div class=\"dfd-list-content clearfix \" style=\"padding-bottom:20px;\"><div class=\"dfd-list-icon-block text-center\" style=\"margin-right:12px;color:#1b86b5; font-size:20px; width:20px; height:20px; \"><i class = \"dfd-icon-right_1 dfd_icon_set-icon-right_1\"><\/i><\/div><div class=\"dfd-list-content-block content\">Name und Anschrift des Lieferanten und Art der gelieferten Produkte<\/div><\/div><\/li><\/ul><\/div><script type=\"text\/javascript\">(function($) {$(\"head\").append(\"<style>#dfd-icon-list-69e3a5cf63260-2050 .dfd-icon-list .content {style=&quot;font-family:Roboto; font-weight:400; font-style:italic; font-size: 16px; line-height: 20px; &quot;}<\/style>\");})(jQuery);<\/script><div id=\"dfd-announce-69e3a5cf633fc-8997\" class=\"dfd-announce-module-wrap align-left full_bg_class  style-3 layout-3\" ><div class=\"dfd-announce-module\"><div class=\"module-icon\" ><i class = \"dfd-icon-comment_info dfd_icon_set-icon-comment_info\"><\/i><\/div><div class=\"module-text\" style=\"font-size: 14px; line-height: 16px; \">Beispiel: auch J\u00e4ger, Sammler, Fischer und Direktvermarkter k\u00f6nnen unmittelbare Vorlieferanten sein<\/div><\/div><\/div><div class=\"dfd-spacer-module\"  data-units=\"px\" data-wide_resolution=\"1280\" data-wide_size=\"18\" data-normal_resolution=\"1024\" data-normal_size=\"18\" data-tablet_resolution=\"800\" data-tablet_size=\"18\" data-mobile_resolution=\"480\" data-mobile_size=\"18\" style=\"height: 18px;\"><\/div><div id=\"dfd-icon-list-69e3a5cf63499-6310\" class=\"dfd-icon-list-wrap  style-1  \" ><ul class=\"dfd-icon-list\"><li class=\"\"><div class=\"dfd-list-content clearfix \" style=\"padding-bottom:20px;\"><div class=\"dfd-list-icon-block text-center\" style=\"margin-right:12px;color:#1b86b5; font-size:20px; width:20px; height:20px; \"><i class = \"dfd-icon-right_1 dfd_icon_set-icon-right_1\"><\/i><\/div><div class=\"dfd-list-content-block content\">Name und Anschrift des Kunden und Art der gelieferten Produkte<\/div><\/div><\/li><\/ul><\/div><script type=\"text\/javascript\">(function($) {$(\"head\").append(\"<style>#dfd-icon-list-69e3a5cf63499-6310 .dfd-icon-list .content {style=&quot;font-family:Roboto; font-weight:400; font-style:italic; font-size: 16px; line-height: 20px; &quot;}<\/style>\");})(jQuery);<\/script><div id=\"dfd-announce-69e3a5cf6356e-6247\" class=\"dfd-announce-module-wrap align-left full_bg_class  style-3 layout-3\" ><div class=\"dfd-announce-module\"><div class=\"module-icon\" ><i class = \"dfd-icon-comment_info dfd_icon_set-icon-comment_info\"><\/i><\/div><div class=\"module-text\" style=\"font-size: 14px; line-height: 16px; \">Beispiel: Lebensmittelunternehmen (auch Vereine und K\u00f6rperschaften des \u00f6ffentlichen Rechts), solange sie Lebensmittel produzieren, verarbeiten oder abgeben<\/div><\/div><\/div><div class=\"dfd-spacer-module\"  data-units=\"px\" data-wide_resolution=\"1280\" data-wide_size=\"18\" data-normal_resolution=\"1024\" data-normal_size=\"18\" data-tablet_resolution=\"800\" data-tablet_size=\"18\" data-mobile_resolution=\"480\" data-mobile_size=\"18\" style=\"height: 18px;\"><\/div><div id=\"dfd-icon-list-69e3a5cf6360d-2026\" class=\"dfd-icon-list-wrap  style-1  \" ><ul class=\"dfd-icon-list\"><li class=\"\"><div class=\"dfd-list-content clearfix \" style=\"padding-bottom:20px;\"><div class=\"dfd-list-icon-block text-center\" style=\"margin-right:12px;color:#1b86b5; font-size:20px; width:20px; height:20px; \"><i class = \"dfd-icon-right_1 dfd_icon_set-icon-right_1\"><\/i><\/div><div class=\"dfd-list-content-block content\">Datum der \u00dcbermittlung\/der Abgabe<\/div><\/div><\/li><\/ul><\/div><script type=\"text\/javascript\">(function($) {$(\"head\").append(\"<style>#dfd-icon-list-69e3a5cf6360d-2026 .dfd-icon-list .content {style=&quot;font-family:Roboto; font-weight:400; font-style:italic; font-size: 16px; line-height: 20px; &quot;}<\/style>\");})(jQuery);<\/script>[vc_column_text item_animation=&#8220;transition.fadeIn&#8220; css=&#8220;.vc_custom_1583262610433{margin-top: 18px !important;margin-bottom: 18px !important;}&#8220;]= diese Informationen m\u00fcssen den Beh\u00f6rden nach Aufforderung unmittelbar zur Verf\u00fcgung gestellt werden!<\/p>\n<p>Zus\u00e4tzlich ist es sehr ratsam zus\u00e4tzliche Informationen bereitzuhalten:[\/vc_column_text]<div id=\"dfd-icon-list-69e3a5cf6370f-8383\" class=\"dfd-icon-list-wrap  style-1  \" ><ul class=\"dfd-icon-list\"><li class=\"\"><div class=\"dfd-list-content clearfix \" style=\"padding-bottom:20px;\"><div class=\"dfd-list-icon-block text-center\" style=\"margin-right:12px;color:#1b86b5; font-size:20px; width:20px; height:20px; \"><i class = \"dfd-icon-right_1 dfd_icon_set-icon-right_1\"><\/i><\/div><div class=\"dfd-list-content-block content\">Umfang oder Menge<\/div><\/div><\/li><li class=\"\"><div class=\"dfd-list-content clearfix \" style=\"padding-bottom:20px;\"><div class=\"dfd-list-icon-block text-center\" style=\"margin-right:12px;color:#1b86b5; font-size:20px; width:20px; height:20px; \"><i class = \"dfd-icon-right_1 dfd_icon_set-icon-right_1\"><\/i><\/div><div class=\"dfd-list-content-block content\">Gegebenenfalls Nummer der Charge<\/div><\/div><\/li><li class=\"\"><div class=\"dfd-list-content clearfix \" style=\"padding-bottom:20px;\"><div class=\"dfd-list-icon-block text-center\" style=\"margin-right:12px;color:#1b86b5; font-size:20px; width:20px; height:20px; \"><i class = \"dfd-icon-right_1 dfd_icon_set-icon-right_1\"><\/i><\/div><div class=\"dfd-list-content-block content\">Genaue Beschreibung des Produkts (vorverpackte oder lose Ware, rohes oder verarbeitetes Produkt)<\/div><\/div><\/li><\/ul><\/div><script type=\"text\/javascript\">(function($) {$(\"head\").append(\"<style>#dfd-icon-list-69e3a5cf6370f-8383 .dfd-icon-list .content {style=&quot;font-family:Roboto; font-weight:400; font-style:italic; font-size: 16px; line-height: 20px; &quot;}<\/style>\");})(jQuery);<\/script>[vc_column_text item_animation=&#8220;transition.fadeIn&#8220; css=&#8220;.vc_custom_1583262771636{margin-top: 18px !important;margin-bottom: 60px !important;}&#8220;]Diese Informationen m\u00fcssen den Beh\u00f6rden innerhalb eines vertretbaren, den Umst\u00e4nden angemessenen Zeitraums m\u00f6glichst rasch verf\u00fcgbar sein! Bei potentiell gesundheitssch\u00e4dlicher Ware wird die Zeitspanne idR in Stunden gemessen.[\/vc_column_text]<div class=\"dfd-delimier-main-wrapper \" ><div id=\"dfd-delimiter-69e3a5cf638b4-2150\"  class=\"dfd-delimier-wrapper dfd-delimiter-with-line \"  style='text-align:left; ' ><span><span class=\"line\" style=\"border-bottom-color:#eaeaea;border-bottom-width:3px; border-bottom-style:dotted; \"><\/span><\/span><\/div><\/div>[\/vc_column][\/vc_row][vc_row one_page_title=&#8220;Anforderungen an die Lebensmittelsicherheit&#8220; anchor=&#8220;AnkerP3&#8243;][vc_column width=&#8220;1\/4&#8243; offset=&#8220;vc_hidden-md vc_hidden-sm vc_hidden-xs&#8220; col_shadow=&#8220;box_shadow_enable:disable|shadow_horizontal:0|shadow_vertical:15|shadow_blur:50|shadow_spread:0|box_shadow_color:rgba(0%2C0%2C0%2C0.35)&#8220; col_shadow_hover=&#8220;box_shadow_enable:disable|shadow_horizontal:0|shadow_vertical:15|shadow_blur:50|shadow_spread:0|box_shadow_color:rgba(0%2C0%2C0%2C0.35)&#8220;][\/vc_column][vc_column width=&#8220;3\/4&#8243; col_shadow=&#8220;box_shadow_enable:disable|shadow_horizontal:0|shadow_vertical:15|shadow_blur:50|shadow_spread:0|box_shadow_color:rgba(0%2C0%2C0%2C0.35)&#8220; col_shadow_hover=&#8220;box_shadow_enable:disable|shadow_horizontal:0|shadow_vertical:15|shadow_blur:50|shadow_spread:0|box_shadow_color:rgba(0%2C0%2C0%2C0.35)&#8220; css=&#8220;.vc_custom_1582080627443{padding-top: 85px !important;}&#8220;][vc_column_text item_animation=&#8220;transition.fadeIn&#8220; css=&#8220;.vc_custom_1583263360446{margin-bottom: 18px !important;}&#8220;]<\/p>\n<h1>Dauer der Informationsarchivierung<\/h1>\n<p>Die Aufbewahrungsfrist der Dokumentation muss in Relation zur Haltbarkeit des Erzeugnisses stehen. Dabei gilt es zu differenzieren:[\/vc_column_text]<div id=\"dfd-icon-list-69e3a5cf6390d-6442\" class=\"dfd-icon-list-wrap  style-1  \" ><ul class=\"dfd-icon-list\"><li class=\"\"><div class=\"dfd-list-content clearfix \" style=\"padding-bottom:20px;\"><div class=\"dfd-list-icon-block text-center\" style=\"margin-right:12px;color:#1b86b5; font-size:20px; width:20px; height:20px; \"><i class = \"dfd-icon-right_1 dfd_icon_set-icon-right_1\"><\/i><\/div><div class=\"dfd-list-content-block content\">Wenn Ihr Lebensmittel keiner Angabe einer Mindesthaltbarkeit bedarf, sehen die Leitlinie des St\u00e4ndigen Ausschusses eine Grundannahme von f\u00fcnf Jahren ab Herstellungs- oder Lieferdatum vor<\/div><\/div><\/li><li class=\"\"><div class=\"dfd-list-content clearfix \" style=\"padding-bottom:20px;\"><div class=\"dfd-list-icon-block text-center\" style=\"margin-right:12px;color:#1b86b5; font-size:20px; width:20px; height:20px; \"><i class = \"dfd-icon-right_1 dfd_icon_set-icon-right_1\"><\/i><\/div><div class=\"dfd-list-content-block content\">Bei Waren, deren Haltbarkeit f\u00fcnf Jahre \u00fcberschreitet, betr\u00e4gt die Aufzeichnung diese Zeitspanne plus weitere sechs Monate<\/div><\/div><\/li><li class=\"\"><div class=\"dfd-list-content clearfix \" style=\"padding-bottom:20px;\"><div class=\"dfd-list-icon-block text-center\" style=\"margin-right:12px;color:#1b86b5; font-size:20px; width:20px; height:20px; \"><i class = \"dfd-icon-right_1 dfd_icon_set-icon-right_1\"><\/i><\/div><div class=\"dfd-list-content-block content\">F\u00fcr Produkte von weniger als drei Monaten sollte die Dokumentation ein halbes Jahr ab dem Herstellungs- oder Lieferzeitpunkt aufbewahrt werden<\/div><\/div><\/li><\/ul><\/div><script type=\"text\/javascript\">(function($) {$(\"head\").append(\"<style>#dfd-icon-list-69e3a5cf6390d-6442 .dfd-icon-list .content {style=&quot;font-family:Roboto; font-weight:400; font-style:italic; font-size: 16px; line-height: 20px; &quot;}<\/style>\");})(jQuery);<\/script>[vc_column_text item_animation=&#8220;transition.fadeIn&#8220; css=&#8220;.vc_custom_1583263058842{margin-top: 18px !important;margin-bottom: 18px !important;}&#8220;]Wichtige Information: Dies sind die Allgemeinen Anforderungen der R\u00fcckverfolgbarkeit. In der Praxis sind Leitlinien (das sind Empfehlungen) in ihren jeweiligen Bereich vorhanden.<\/p>\n<p>Zu nennen sind:[\/vc_column_text]<div id=\"dfd-icon-list-69e3a5cf63aa3-3981\" class=\"dfd-icon-list-wrap  style-1  \" ><ul class=\"dfd-icon-list\"><li class=\"\"><div class=\"dfd-list-content clearfix \" style=\"padding-bottom:20px;\"><div class=\"dfd-list-icon-block text-center\" style=\"margin-right:12px;color:#1b86b5; font-size:20px; width:20px; height:20px; \"><i class = \"dfd-icon-right_1 dfd_icon_set-icon-right_1\"><\/i><\/div><div class=\"dfd-list-content-block content\">Leitlinie f\u00fcr Fleischbe- und verarbeitungsbetriebe<\/div><\/div><\/li><li class=\"\"><div class=\"dfd-list-content clearfix \" style=\"padding-bottom:20px;\"><div class=\"dfd-list-icon-block text-center\" style=\"margin-right:12px;color:#1b86b5; font-size:20px; width:20px; height:20px; \"><i class = \"dfd-icon-right_1 dfd_icon_set-icon-right_1\"><\/i><\/div><div class=\"dfd-list-content-block content\">Leitlinie f\u00fcr Klein- und Mittelbetriebe (KMU) der Branchen Gastgewerbe, Gewerbe und Handwerk sowie Handel<\/div><\/div><\/li><li class=\"\"><div class=\"dfd-list-content clearfix \" style=\"padding-bottom:20px;\"><div class=\"dfd-list-icon-block text-center\" style=\"margin-right:12px;color:#1b86b5; font-size:20px; width:20px; height:20px; \"><i class = \"dfd-icon-right_1 dfd_icon_set-icon-right_1\"><\/i><\/div><div class=\"dfd-list-content-block content\">Leitlinie f\u00fcr den Lebensmittelhandel<\/div><\/div><\/li><li class=\"\"><div class=\"dfd-list-content clearfix \" style=\"padding-bottom:20px;\"><div class=\"dfd-list-icon-block text-center\" style=\"margin-right:12px;color:#1b86b5; font-size:20px; width:20px; height:20px; \"><i class = \"dfd-icon-right_1 dfd_icon_set-icon-right_1\"><\/i><\/div><div class=\"dfd-list-content-block content\">Leitlinie f\u00fcr Sch\u00fcttg\u00fcter<\/div><\/div><\/li><li class=\"\"><div class=\"dfd-list-content clearfix \" style=\"padding-bottom:20px;\"><div class=\"dfd-list-icon-block text-center\" style=\"margin-right:12px;color:#1b86b5; font-size:20px; width:20px; height:20px; \"><i class = \"dfd-icon-right_1 dfd_icon_set-icon-right_1\"><\/i><\/div><div class=\"dfd-list-content-block content\">Leitlinie f\u00fcr die Landwirtschaft (Prim\u00e4rproduktion)<\/div><\/div><\/li><\/ul><\/div><script type=\"text\/javascript\">(function($) {$(\"head\").append(\"<style>#dfd-icon-list-69e3a5cf63aa3-3981 .dfd-icon-list .content {style=&quot;font-family:Roboto; font-weight:400; font-style:italic; font-size: 16px; line-height: 20px; &quot;}<\/style>\");})(jQuery);<\/script>[vc_column_text item_animation=&#8220;transition.fadeIn&#8220; css=&#8220;.vc_custom_1583263252316{margin-top: 18px !important;}&#8220;]http:\/\/<a href=\"http:\/\/www.bmgf.gv.at\">www.bmgf.gv.at<\/a>\u00a0&gt; Themen &gt; Gesundheit &gt; Lebensmittel Ern\u00e4hrung &gt; Lebensmittelrecht &gt; Leitlinien zur Umsetzung der R\u00fcckverfolgbarkeit bei Lebensmitteln.<\/p>\n<p>Siehe auch:\u00a0<a href=\"http:\/\/www.verbrauchergesundheit.gv.at\">www.verbrauchergesundheit.gv.at<\/a>[\/vc_column_text][\/vc_column][\/vc_row][vc_row][vc_column][vc_column_text][\/vc_column_text][\/vc_column][\/vc_row][vc_row css=&#8220;.vc_custom_1583159007481{margin-right: 10px !important;margin-left: 10px !important;}&#8220;][vc_column width=&#8220;1\/4&#8243;][\/vc_column][vc_column width=&#8220;3\/4&#8243; css=&#8220;.vc_custom_1582740445649{margin-top: 60px !important;border-top-width: 1px !important;border-right-width: 1px !important;border-bottom-width: 1px !important;border-left-width: 1px !important;padding-top: 10px !important;padding-right: 10px !important;padding-bottom: 10px !important;padding-left: 10px !important;border-left-color: #1f90c1 !important;border-left-style: solid !important;border-right-color: #1f90c1 !important;border-right-style: solid !important;border-top-color: #1f90c1 !important;border-top-style: solid !important;border-bottom-color: #1f90c1 !important;border-bottom-style: solid !important;}&#8220; col_shadow=&#8220;box_shadow_enable:disable|shadow_horizontal:0|shadow_vertical:15|shadow_blur:50|shadow_spread:0|box_shadow_color:rgba(0%2C0%2C0%2C0.35)&#8220; col_shadow_hover=&#8220;box_shadow_enable:disable|shadow_horizontal:0|shadow_vertical:15|shadow_blur:50|shadow_spread:0|box_shadow_color:rgba(0%2C0%2C0%2C0.35)&#8220;][vc_column_text]<\/p>\n<h3 style=\"text-align: center;\"><u><a href=\"https:\/\/produktr\u00fcckruf.at\/?page_id=30\">F\u00fcr weitere Expertise treten Sie mit uns in Kontakt!<\/a><\/u><\/h3>\n<p>[\/vc_column_text][\/vc_column][\/vc_row]<\/p>\n<\/div>","protected":false},"excerpt":{"rendered":"<p>[vc_row anchor=&#8220;AnkerP1&#8243;][vc_column width=&#8220;1\/4&#8243; css=&#8220;.vc_custom_1582080642290{padding-top: 88px !important;padding-right: 3% !important;}&#8220; col_shadow=&#8220;box_shadow_enable:disable|shadow_horizontal:0|shadow_vertical:15|shadow_blur:50|shadow_spread:0|box_shadow_color:rgba(0%2C0%2C0%2C0.35)&#8220; col_shadow_hover=&#8220;box_shadow_enable:disable|shadow_horizontal:0|shadow_vertical:15|shadow_blur:50|shadow_spread:0|box_shadow_color:rgba(0%2C0%2C0%2C0.35)&#8220; offset=&#8220;vc_hidden-md vc_hidden-sm vc_hidden-xs&#8220;][vc_column_text css=&#8220;.vc_custom_1583075265505{padding-right: 5% !important;padding-left: 2% !important;}&#8220;] Es ist wesentlich, ein System f\u00fcr einen m\u00f6glichen R\u00fcckruf im Unternehmen zu<\/p>\n","protected":false},"author":1,"featured_media":0,"parent":0,"menu_order":0,"comment_status":"closed","ping_status":"closed","template":"","meta":{"footnotes":""},"class_list":["post-16","page","type-page","status-publish","hentry"],"_links":{"self":[{"href":"https:\/\/produktr\u00fcckruf.at\/index.php?rest_route=\/wp\/v2\/pages\/16","targetHints":{"allow":["GET"]}}],"collection":[{"href":"https:\/\/produktr\u00fcckruf.at\/index.php?rest_route=\/wp\/v2\/pages"}],"about":[{"href":"https:\/\/produktr\u00fcckruf.at\/index.php?rest_route=\/wp\/v2\/types\/page"}],"author":[{"embeddable":true,"href":"https:\/\/produktr\u00fcckruf.at\/index.php?rest_route=\/wp\/v2\/users\/1"}],"replies":[{"embeddable":true,"href":"https:\/\/produktr\u00fcckruf.at\/index.php?rest_route=%2Fwp%2Fv2%2Fcomments&post=16"}],"version-history":[{"count":53,"href":"https:\/\/produktr\u00fcckruf.at\/index.php?rest_route=\/wp\/v2\/pages\/16\/revisions"}],"predecessor-version":[{"id":677,"href":"https:\/\/produktr\u00fcckruf.at\/index.php?rest_route=\/wp\/v2\/pages\/16\/revisions\/677"}],"wp:attachment":[{"href":"https:\/\/produktr\u00fcckruf.at\/index.php?rest_route=%2Fwp%2Fv2%2Fmedia&parent=16"}],"curies":[{"name":"wp","href":"https:\/\/api.w.org\/{rel}","templated":true}]}}