{"id":28,"date":"2020-02-13T14:37:18","date_gmt":"2020-02-13T13:37:18","guid":{"rendered":"https:\/\/produktr\u00fcckruf.at\/?page_id=28"},"modified":"2020-03-03T21:16:28","modified_gmt":"2020-03-03T20:16:28","slug":"kritik-im-lebensmittelecht","status":"publish","type":"page","link":"https:\/\/produktr\u00fcckruf.at\/?page_id=28","title":{"rendered":"Kritik im Lebensmittelrecht"},"content":{"rendered":"<div class=\"wpb-content-wrapper\"><p>[vc_row dfd_row_responsive_enable=&#8220;dfd-row-responsive-enable&#8220;][vc_column width=&#8220;1\/4&#8243; css=&#8220;.vc_custom_1582081311507{padding-top: 88px !important;padding-right: 3% !important;}&#8220; col_shadow=&#8220;box_shadow_enable:disable|shadow_horizontal:0|shadow_vertical:15|shadow_blur:50|shadow_spread:0|box_shadow_color:rgba(0%2C0%2C0%2C0.35)&#8220; col_shadow_hover=&#8220;box_shadow_enable:disable|shadow_horizontal:0|shadow_vertical:15|shadow_blur:50|shadow_spread:0|box_shadow_color:rgba(0%2C0%2C0%2C0.35)&#8220; offset=&#8220;vc_hidden-md vc_hidden-sm vc_hidden-xs&#8220;][vc_column_text css=&#8220;.vc_custom_1582735084848{padding-right: 5% !important;padding-left: 2% !important;}&#8220;]<\/p>\n<blockquote>\n<p>Jedes beh\u00f6rdliches Einschreiten hat auf einer Rechtsgrundlage zu beruhen.<\/p>\n<\/blockquote>\n<p>[\/vc_column_text][\/vc_column][vc_column width=&#8220;3\/4&#8243; col_shadow=&#8220;box_shadow_enable:disable|shadow_horizontal:0|shadow_vertical:15|shadow_blur:50|shadow_spread:0|box_shadow_color:rgba(0%2C0%2C0%2C0.35)&#8220; col_shadow_hover=&#8220;box_shadow_enable:disable|shadow_horizontal:0|shadow_vertical:15|shadow_blur:50|shadow_spread:0|box_shadow_color:rgba(0%2C0%2C0%2C0.35)&#8220; css=&#8220;.vc_custom_1582081298461{padding-top: 85px !important;}&#8220;][vc_column_text]<\/p>\n<h1>Allmacht der AGES<\/h1>\n<p>Die AGES als zentrale Stelle zur \u00dcberpr\u00fcfung von Lebensmitteln im Auftrag der Beh\u00f6rden hat vor allem verwaltungs\u00f6konomische Gr\u00fcnde. Dies ist einerseits ein legitimes Ziel, f\u00fchrt andererseits zugleich zu einer Ern\u00fcchterung, wenn die daraus resultierenden Folgen genauer betrachtet werden:<\/p>\n<p>Die AGES erstellt ein Gutachten \u00fcber Ihr Produkt. Dieses Gutachten wird nun von den Lebensmittelbeh\u00f6rden in der Regel nicht weiter hinterfragt und ist die Voraussetzung \u00a0jeglicher Aufforderung oder jeglicher Ma\u00dfnahme.[\/vc_column_text][\/vc_column][\/vc_row][vc_row one_page_title=&#8220;xxx&#8220; anchor=&#8220;Anker3&#8243; css=&#8220;.vc_custom_1581971386271{margin-top: 40px !important;}&#8220;][vc_column width=&#8220;1\/4&#8243; col_shadow=&#8220;box_shadow_enable:disable|shadow_horizontal:0|shadow_vertical:15|shadow_blur:50|shadow_spread:0|box_shadow_color:rgba(0%2C0%2C0%2C0.35)&#8220; col_shadow_hover=&#8220;box_shadow_enable:disable|shadow_horizontal:0|shadow_vertical:15|shadow_blur:50|shadow_spread:0|box_shadow_color:rgba(0%2C0%2C0%2C0.35)&#8220; offset=&#8220;vc_hidden-md vc_hidden-sm vc_hidden-xs&#8220;][\/vc_column][vc_column width=&#8220;3\/4&#8243; col_shadow=&#8220;box_shadow_enable:disable|shadow_horizontal:0|shadow_vertical:15|shadow_blur:50|shadow_spread:0|box_shadow_color:rgba(0%2C0%2C0%2C0.35)&#8220; col_shadow_hover=&#8220;box_shadow_enable:disable|shadow_horizontal:0|shadow_vertical:15|shadow_blur:50|shadow_spread:0|box_shadow_color:rgba(0%2C0%2C0%2C0.35)&#8220;][vc_column_text item_animation=&#8220;transition.fadeIn&#8220;]<\/p>\n<h1>Kein Rechtsschutz bei Erf\u00fcllung von Aufforderungen<\/h1>\n<p>Dass das Gutachten durch die Beh\u00f6rden 1:1 \u00fcbernommen wird und nicht weiter kontrolliert bzw hinterfragt wird, bringt Rechtsschutzdefizite mit sich:<\/p>\n<p>In der Regel l\u00e4sst ein Lebensmittelunternehmer oder insbesondere ein Handelspartner des Einzelhandels es nicht auf einen beh\u00f6rdlichen R\u00fcckruf (durch das Bundesministerium) ankommen, sondern setzt die Aufforderung des Aufsichtsorgans (\u00a7 39 Abs 2 LMSVG), welche noch keine Ma\u00dfnahme darstellt, um.<\/p>\n<p>Das Produkt wird vom Markt genommen. Wird der Aufforderung aber Folge geleistet, wird danach kein Bescheid erlassen. Es besteht somit keine M\u00f6glichkeit mehr diese Aufforderung \u00fcberpr\u00fcfen zu lassen. Dagegen existiert n\u00e4mlich kein Rechtsmittel, da diese Aufforderung weder Bescheidcharakter hat noch ein sogenannter Akt unmittelbarer verwaltungsbeh\u00f6rdlicher Befehls- und Zwangsgewalt ist.[\/vc_column_text][\/vc_column][\/vc_row][vc_row one_page_title=&#8220;Anforderungen an die Lebensmittelsicherheit&#8220; anchor=&#8220;Anker4&#8243; css=&#8220;.vc_custom_1581971350483{margin-top: 40px !important;}&#8220;][vc_column width=&#8220;1\/4&#8243; col_shadow=&#8220;box_shadow_enable:disable|shadow_horizontal:0|shadow_vertical:15|shadow_blur:50|shadow_spread:0|box_shadow_color:rgba(0%2C0%2C0%2C0.35)&#8220; col_shadow_hover=&#8220;box_shadow_enable:disable|shadow_horizontal:0|shadow_vertical:15|shadow_blur:50|shadow_spread:0|box_shadow_color:rgba(0%2C0%2C0%2C0.35)&#8220; offset=&#8220;vc_hidden-md vc_hidden-sm vc_hidden-xs&#8220;][\/vc_column][vc_column width=&#8220;3\/4&#8243; col_shadow=&#8220;box_shadow_enable:disable|shadow_horizontal:0|shadow_vertical:15|shadow_blur:50|shadow_spread:0|box_shadow_color:rgba(0%2C0%2C0%2C0.35)&#8220; col_shadow_hover=&#8220;box_shadow_enable:disable|shadow_horizontal:0|shadow_vertical:15|shadow_blur:50|shadow_spread:0|box_shadow_color:rgba(0%2C0%2C0%2C0.35)&#8220;][vc_column_text item_animation=&#8220;transition.fadeIn&#8220;]<\/p>\n<h1>Die Rechtsnatur des R\u00fcckrufs Ihres Produkts durch den Bundesminister f\u00fcr Gesundheit<\/h1>\n<p>Die Vorgehensweise durch den Bundesminister f\u00fcr Gesundheit ist in dem Sinne problematisch, als dieser Vorgang im Vorhinein nicht von einem Verwaltungsgericht \u00fcberpr\u00fcft werden kann. Der Gesundheitsschutz steht an erster Stelle. Die Information an die \u00d6ffentlichkeit stellt ein schlicht-hoheitliches Verwaltungshandeln dar.\u00a0Lediglich Amtshaftungsanspr\u00fcche stehen dem Lebensmittelunternehmer zu. Diese m\u00fcssen aber in Geld messbar sein und k\u00f6nnen zB nicht einen etwaigen Imageschaden ersetzen, der durch einen \u2013 im Nachhinein als unzul\u00e4ssig zu beurteilenden \u2013 R\u00fcckruf entstanden sind.[\/vc_column_text][\/vc_column][\/vc_row][vc_row][vc_column][vc_column_text][\/vc_column_text][\/vc_column][\/vc_row][vc_row dfd_row_responsive_enable=&#8220;dfd-row-responsive-enable&#8220; css=&#8220;.vc_custom_1583158641997{margin-right: 10px !important;margin-left: 10px !important;}&#8220;][vc_column width=&#8220;1\/4&#8243;][\/vc_column][vc_column width=&#8220;3\/4&#8243; css=&#8220;.vc_custom_1582740445649{margin-top: 60px !important;border-top-width: 1px !important;border-right-width: 1px !important;border-bottom-width: 1px !important;border-left-width: 1px !important;padding-top: 10px !important;padding-right: 10px !important;padding-bottom: 10px !important;padding-left: 10px !important;border-left-color: #1f90c1 !important;border-left-style: solid !important;border-right-color: #1f90c1 !important;border-right-style: solid !important;border-top-color: #1f90c1 !important;border-top-style: solid !important;border-bottom-color: #1f90c1 !important;border-bottom-style: solid !important;}&#8220; col_shadow=&#8220;box_shadow_enable:disable|shadow_horizontal:0|shadow_vertical:15|shadow_blur:50|shadow_spread:0|box_shadow_color:rgba(0%2C0%2C0%2C0.35)&#8220; col_shadow_hover=&#8220;box_shadow_enable:disable|shadow_horizontal:0|shadow_vertical:15|shadow_blur:50|shadow_spread:0|box_shadow_color:rgba(0%2C0%2C0%2C0.35)&#8220;][vc_column_text]<\/p>\n<h3 style=\"text-align: center;\"><u><a href=\"https:\/\/produktr\u00fcckruf.at\/?page_id=30\">F\u00fcr weitere Expertise treten Sie mit uns in Kontakt!<\/a><\/u><\/h3>\n<p>[\/vc_column_text][\/vc_column][\/vc_row]<\/p>\n<\/div>","protected":false},"excerpt":{"rendered":"<p>[vc_row dfd_row_responsive_enable=&#8220;dfd-row-responsive-enable&#8220;][vc_column width=&#8220;1\/4&#8243; css=&#8220;.vc_custom_1582081311507{padding-top: 88px !important;padding-right: 3% !important;}&#8220; col_shadow=&#8220;box_shadow_enable:disable|shadow_horizontal:0|shadow_vertical:15|shadow_blur:50|shadow_spread:0|box_shadow_color:rgba(0%2C0%2C0%2C0.35)&#8220; col_shadow_hover=&#8220;box_shadow_enable:disable|shadow_horizontal:0|shadow_vertical:15|shadow_blur:50|shadow_spread:0|box_shadow_color:rgba(0%2C0%2C0%2C0.35)&#8220; offset=&#8220;vc_hidden-md vc_hidden-sm vc_hidden-xs&#8220;][vc_column_text css=&#8220;.vc_custom_1582735084848{padding-right: 5% !important;padding-left: 2% !important;}&#8220;] Jedes beh\u00f6rdliches Einschreiten hat auf einer Rechtsgrundlage zu beruhen. [\/vc_column_text][\/vc_column][vc_column width=&#8220;3\/4&#8243; col_shadow=&#8220;box_shadow_enable:disable|shadow_horizontal:0|shadow_vertical:15|shadow_blur:50|shadow_spread:0|box_shadow_color:rgba(0%2C0%2C0%2C0.35)&#8220;<\/p>\n","protected":false},"author":1,"featured_media":0,"parent":0,"menu_order":0,"comment_status":"closed","ping_status":"closed","template":"","meta":{"footnotes":""},"class_list":["post-28","page","type-page","status-publish","hentry"],"_links":{"self":[{"href":"https:\/\/produktr\u00fcckruf.at\/index.php?rest_route=\/wp\/v2\/pages\/28","targetHints":{"allow":["GET"]}}],"collection":[{"href":"https:\/\/produktr\u00fcckruf.at\/index.php?rest_route=\/wp\/v2\/pages"}],"about":[{"href":"https:\/\/produktr\u00fcckruf.at\/index.php?rest_route=\/wp\/v2\/types\/page"}],"author":[{"embeddable":true,"href":"https:\/\/produktr\u00fcckruf.at\/index.php?rest_route=\/wp\/v2\/users\/1"}],"replies":[{"embeddable":true,"href":"https:\/\/produktr\u00fcckruf.at\/index.php?rest_route=%2Fwp%2Fv2%2Fcomments&post=28"}],"version-history":[{"count":67,"href":"https:\/\/produktr\u00fcckruf.at\/index.php?rest_route=\/wp\/v2\/pages\/28\/revisions"}],"predecessor-version":[{"id":694,"href":"https:\/\/produktr\u00fcckruf.at\/index.php?rest_route=\/wp\/v2\/pages\/28\/revisions\/694"}],"wp:attachment":[{"href":"https:\/\/produktr\u00fcckruf.at\/index.php?rest_route=%2Fwp%2Fv2%2Fmedia&parent=28"}],"curies":[{"name":"wp","href":"https:\/\/api.w.org\/{rel}","templated":true}]}}