{"id":30,"date":"2020-02-13T14:38:27","date_gmt":"2020-02-13T13:38:27","guid":{"rendered":"https:\/\/produktr\u00fcckruf.at\/?page_id=30"},"modified":"2024-11-19T14:00:27","modified_gmt":"2024-11-19T13:00:27","slug":"hilfe-durch-experten","status":"publish","type":"page","link":"https:\/\/produktr\u00fcckruf.at\/?page_id=30","title":{"rendered":"Hilfe durch Experten"},"content":{"rendered":"<div class=\"wpb-content-wrapper\"><p>[vc_row full_height=&#8220;yes&#8220; columns_placement=&#8220;top&#8220; dfd_row_config=&#8220;full_width_content_paddings&#8220;][vc_column width=&#8220;1\/4&#8243; css=&#8220;.vc_custom_1582081381066{padding-top: 88px !important;padding-right: 3% !important;}&#8220; col_shadow=&#8220;box_shadow_enable:disable|shadow_horizontal:0|shadow_vertical:15|shadow_blur:50|shadow_spread:0|box_shadow_color:rgba(0%2C0%2C0%2C0.35)&#8220; col_shadow_hover=&#8220;box_shadow_enable:disable|shadow_horizontal:0|shadow_vertical:15|shadow_blur:50|shadow_spread:0|box_shadow_color:rgba(0%2C0%2C0%2C0.35)&#8220; offset=&#8220;vc_hidden-md vc_hidden-sm vc_hidden-xs&#8220;][vc_column_text css_animation=&#8220;fadeIn&#8220;]<\/p>\n<blockquote>\n<p>Die richtige Kommunikation im Krisenfall muss vorbereitet und ge\u00fcbt sein und ist entscheidend f\u00fcr den unternehmerischen Ruf.<\/p>\n<\/blockquote>\n<p>[\/vc_column_text][\/vc_column][vc_column width=&#8220;3\/4&#8243; col_shadow=&#8220;box_shadow_enable:disable|shadow_horizontal:0|shadow_vertical:15|shadow_blur:50|shadow_spread:0|box_shadow_color:rgba(0%2C0%2C0%2C0.35)&#8220; col_shadow_hover=&#8220;box_shadow_enable:disable|shadow_horizontal:0|shadow_vertical:15|shadow_blur:50|shadow_spread:0|box_shadow_color:rgba(0%2C0%2C0%2C0.35)&#8220; css=&#8220;.vc_custom_1582081371123{padding-top: 85px !important;}&#8220;][vc_column_text css=&#8220;.vc_custom_1583276864005{margin-bottom: 60px !important;}&#8220;]<\/p>\n<h1>Hilfe\u00a0durch Experten<\/h1>\n<p>PRODUKTR\u00dcCKRUF.AT ist ein Projekt der\u00a0<strong>Rechtsanwaltskanzlei H\u00fctthaler-Brandauer\u00a0<\/strong>und\u00a0<strong>SAICON.Consulting<\/strong>.<\/p>\n<p><strong>Mag. Jakob H\u00fctthaler-Brandauer\u00a0<\/strong>ist Rechtsanwalt in Wien und auf Life Sciences spezialisiert. Dazu z\u00e4hlt das Lebensmittelrecht. Die Expertise und Kenntnis der Praxis ist gerade beim Themenkreis des Produktr\u00fcckrufs ein entscheidender Vorteil, weil dort schnelle und bedachte Reaktion n\u00f6tig ist.<\/p>\n<p><strong>Mag. Dipl.-HTL-Ing. Univ. Lektor Andreas Schm\u00f6lzer\u00a0<\/strong>von SAICON.Consulting ist Gerichtssachverst\u00e4ndiger f\u00fcr Ern\u00e4hrungsforschung sowie Lebensmitteltechnologie, -sicherheit und -hygiene und hat langj\u00e4hrige Erfahrung im Lebensmittelrecht. Seine Expertise ist sowohl in der Pr\u00e4vention als auch in der naturwissenschaftlichen Bewertung und rechtlichen Argumentation gegen\u00fcber Beh\u00f6rden von wesentlicher Bedeutung.<\/p>\n<p>Sobald Sie mit uns in Kontakt treten, wird intern entschieden, welche Expertise Ihnen zur Verf\u00fcgung gestellt werden muss. Sollten Sie etwa vorbeugend Ihre Unternehmensabl\u00e4ufe bez\u00fcglich eines Produktr\u00fcckrufs testen wollen, werden wir andere Leistungen anbieten, als wenn Sie eine Aufforderung der Beh\u00f6rde erhalten haben, ein Produkt bis zum n\u00e4chsten Tag vom Markt zu nehmen.[\/vc_column_text][vc_row_inner][vc_column_inner width=&#8220;1\/2&#8243; css=&#8220;.vc_custom_1732021213069{margin-left: 0px !important;}&#8220; col_inner_shadow=&#8220;box_shadow_enable:disable|shadow_horizontal:0|shadow_vertical:15|shadow_blur:50|shadow_spread:0|box_shadow_color:rgba(0%2C0%2C0%2C.35)&#8220; col_inner_shadow_hover=&#8220;box_shadow_enable:disable|shadow_horizontal:0|shadow_vertical:15|shadow_blur:50|shadow_spread:0|box_shadow_color:rgba(0%2C0%2C0%2C.35)&#8220;][vc_column_text css=&#8220;&#8220;]<\/p>\n<h2>Kontakt<\/h2>\n<p><strong>lawpoint\u00a0<\/strong><br \/>\nOtto-Bauer-Gasse 4<br \/>\n1060 Wien<br \/>\n\u00d6sterreich<\/p>\n<p><a href=\"tel:+4315870558\">+43 1 587 05 58<\/a><\/p>\n<p><a href=\"mailto:kanzlei@lawpoint.at\">kanzlei@lawpoint.at<\/a><\/p>\n<p><a href=\"http:\/\/www.lawpoint.at\" target=\"_blank\" rel=\"noopener noreferrer\">www.lawpoint.at<\/a>[\/vc_column_text][\/vc_column_inner][vc_column_inner width=&#8220;1\/2&#8243; offset=&#8220;vc_hidden-sm vc_hidden-xs&#8220; col_inner_shadow=&#8220;box_shadow_enable:disable|shadow_horizontal:0|shadow_vertical:15|shadow_blur:50|shadow_spread:0|box_shadow_color:rgba(0%2C0%2C0%2C0.35)&#8220; col_inner_shadow_hover=&#8220;box_shadow_enable:disable|shadow_horizontal:0|shadow_vertical:15|shadow_blur:50|shadow_spread:0|box_shadow_color:rgba(0%2C0%2C0%2C0.35)&#8220;][\/vc_column_inner][\/vc_row_inner][\/vc_column][\/vc_row]<\/p>\n<\/div>","protected":false},"excerpt":{"rendered":"<p>[vc_row full_height=&#8220;yes&#8220; columns_placement=&#8220;top&#8220; dfd_row_config=&#8220;full_width_content_paddings&#8220;][vc_column width=&#8220;1\/4&#8243; css=&#8220;.vc_custom_1582081381066{padding-top: 88px !important;padding-right: 3% !important;}&#8220; col_shadow=&#8220;box_shadow_enable:disable|shadow_horizontal:0|shadow_vertical:15|shadow_blur:50|shadow_spread:0|box_shadow_color:rgba(0%2C0%2C0%2C0.35)&#8220; col_shadow_hover=&#8220;box_shadow_enable:disable|shadow_horizontal:0|shadow_vertical:15|shadow_blur:50|shadow_spread:0|box_shadow_color:rgba(0%2C0%2C0%2C0.35)&#8220; offset=&#8220;vc_hidden-md vc_hidden-sm vc_hidden-xs&#8220;][vc_column_text css_animation=&#8220;fadeIn&#8220;] Die richtige Kommunikation im Krisenfall muss vorbereitet und ge\u00fcbt sein und ist entscheidend f\u00fcr<\/p>\n","protected":false},"author":1,"featured_media":0,"parent":0,"menu_order":0,"comment_status":"closed","ping_status":"closed","template":"","meta":{"footnotes":""},"class_list":["post-30","page","type-page","status-publish","hentry"],"_links":{"self":[{"href":"https:\/\/produktr\u00fcckruf.at\/index.php?rest_route=\/wp\/v2\/pages\/30","targetHints":{"allow":["GET"]}}],"collection":[{"href":"https:\/\/produktr\u00fcckruf.at\/index.php?rest_route=\/wp\/v2\/pages"}],"about":[{"href":"https:\/\/produktr\u00fcckruf.at\/index.php?rest_route=\/wp\/v2\/types\/page"}],"author":[{"embeddable":true,"href":"https:\/\/produktr\u00fcckruf.at\/index.php?rest_route=\/wp\/v2\/users\/1"}],"replies":[{"embeddable":true,"href":"https:\/\/produktr\u00fcckruf.at\/index.php?rest_route=%2Fwp%2Fv2%2Fcomments&post=30"}],"version-history":[{"count":52,"href":"https:\/\/produktr\u00fcckruf.at\/index.php?rest_route=\/wp\/v2\/pages\/30\/revisions"}],"predecessor-version":[{"id":260,"href":"https:\/\/produktr\u00fcckruf.at\/index.php?rest_route=\/wp\/v2\/pages\/30\/revisions\/260"}],"wp:attachment":[{"href":"https:\/\/produktr\u00fcckruf.at\/index.php?rest_route=%2Fwp%2Fv2%2Fmedia&parent=30"}],"curies":[{"name":"wp","href":"https:\/\/api.w.org\/{rel}","templated":true}]}}