{"id":541,"date":"2020-03-02T08:31:38","date_gmt":"2020-03-02T07:31:38","guid":{"rendered":"https:\/\/produktr\u00fcckruf.at\/?page_id=541"},"modified":"2020-03-03T23:55:18","modified_gmt":"2020-03-03T22:55:18","slug":"datenschutzerklarung","status":"publish","type":"page","link":"https:\/\/produktr\u00fcckruf.at\/?page_id=541","title":{"rendered":"Datenschutzerkl\u00e4rung"},"content":{"rendered":"<div class=\"wpb-content-wrapper\"><p>[vc_row full_height=&#8220;yes&#8220;][vc_column][vc_column_text]<\/p>\n<h2>1. Einleitung<\/h2>\n<p>Wir, Jakob H\u00fctthaler-Brandauer, das Team der Rechtsanwaltskanzlei H\u00fctthaler-Brandauer und Mag. Dipl.-HTL-Ing. Univ. Lektor Andreas Schm\u00f6lzer von SAICON Consulting freuen uns \u00fcber Ihr Interesse an Inhalten von www.produktr\u00fcckruf.at. Der Schutz Ihrer Privatsph\u00e4re ist uns ein Anliegen, weshalb wir Sie auf diese Datenschutzerkl\u00e4rung hinweisen. Das Einhalten der gesetzlichen Bestimmungen zum Datenschutz ist f\u00fcr uns selbstverst\u00e4ndlich. In dieser Datenschutzerkl\u00e4rung informieren wir Sie dar\u00fcber, wie Ihre personenbezogenen Daten verarbeitet werden und an welche Empf\u00e4nger diese gegebenenfalls weitergeben werden.<\/p>\n<p><strong>1.1 Geltungsbereich<\/strong><\/p>\n<p>Diese Datenschutzerkl\u00e4rung gilt f\u00fcr unsere Website (\u201ehttp:\/\/www.produktr\u00fcckruf.at\/\u201c), Newsletter-Abonnements, Veranstaltungen, Social-Media Kan\u00e4le und andere Datenverarbeitungen und Datenerhebungen etwa von Lieferanten und anderen Auftragnehmern. F\u00fcr fremde Webseiten, zu denen wir verlinken, wird f\u00fcr die Einhaltung dieser Datenschutzbestimmungen keine Gew\u00e4hr \u00fcbernommen.<\/p>\n<p><strong>1.2 Gegenstand der Datenschutzerkl\u00e4rung<\/strong><\/p>\n<p>Gegenstand dieser Datenschutzerkl\u00e4rung ist die Verarbeitung und Erhebung personenbezogener Daten (im Folgenden \u201eDaten\u201c bzw. \u201eDatenverarbeitung\u201c). Darunter werden Daten verstanden, die Ihrer Person oder Ihrem Unternehmen zugeordnet oder zuordenbar sind. Unter dem Verarbeiten von Daten wird in dieser Datenschutzerkl\u00e4rung jede Art der Handhabung von Daten wie beispielsweise das Erheben, Speichern und Verkn\u00fcpfen von Daten, aber auch ihr \u00dcbermitteln an andere nat\u00fcrliche oder juristische Personen, die Ihre Daten zu eigenen Zwecken verwenden, verstanden, sofern Sie in diese \u00dcbermittlung eingewilligt haben.<\/p>\n<h2>2. Erhebung und Verarbeitung Ihrer Daten<\/h2>\n<p><strong>2.1 Nutzung der Internetseiten<\/strong><\/p>\n<p>Sie k\u00f6nnen unsere Internetseiten grunds\u00e4tzlich ohne Offenlegung Ihrer pers\u00f6nlichen Daten nutzen.<\/p>\n<p>Beim Zugriff auf unsere Internetseiten \u00fcbermittelt Ihr Internetbrowser aus technischen Gr\u00fcnden automatisch Daten. Folgende Daten werden getrennt von anderen Daten, die Sie unter Umst\u00e4nden an uns \u00fcbermitteln, gespeichert:<\/p>\n<ul>\n<li>Datum und Uhrzeit des Zugriffs,<\/li>\n<li>IP-Adresse<\/li>\n<li>Browsertyp\/ -version,<\/li>\n<li>verwendetes Betriebssystem,<\/li>\n<li>URL der zuvor besuchten Webseite,<\/li>\n<li>Menge der gesendeten Daten<\/li>\n<\/ul>\n<p>Die vorstehenden Daten w\u00fcrden m\u00f6glicherweise eine Identifizierung zulassen, allerdings findet diesbez\u00fcglich keine personenbezogene Verwertung statt. Die Daten werden ausschlie\u00dflich aus technischen Gr\u00fcnden gespeichert, wie nachstehend aufgezeigt ausschlie\u00dflich zu statistischen Zwecken ausgewertet und werden zu keinem Zeitpunkt einer bestimmten Person bzw. einem Unternehmen zugeordnet. Soweit Daten an externe Dienstleister weitergegeben werden, haben wir durch technische und organisatorische Ma\u00dfnahmen sichergestellt, dass die Vorschriften des Datenschutzes beachtet werden.<\/p>\n<p><strong>2.2 Kontaktaufnahme<\/strong><\/p>\n<p>Bei Ihrer Kontaktaufnahme mit uns (zum Beispiel per Formular oder E-Mail) werden Ihre Angaben zur Bearbeitung Ihrer Anfrage sowie f\u00fcr den Fall, dass Anschlussfragen entstehen, gespeichert. Eine Weitergabe an Dritte erfolgt nicht, es sei denn, dass dies im Rahmen der Vertragsabwicklung erfolgt, Sie hierzu Ihr Einverst\u00e4ndnis erteilt haben oder eine beh\u00f6rdliche Anordnung vorliegt.<\/p>\n<p><strong>2.3 Social Media Plug-Ins<\/strong><\/p>\n<p>Unsere Webseiten k\u00f6nnen zudem buttonf\u00f6rmige Links zu Plugins von verschiedenen sozialen Netzwerken, darunter unter anderem \u201eFacebook\u201c, \u201eGoogle Plus\u201c, \u201eTwitter\u201c, \u201eLinkedIn\u201c, \u201eXing\u201c, \u201eInstagram\u201c, \u201ePinterest\u201c, \u201eWeChat\u201c, \u201eYouTube\u201c, \u201eVimeo\u201c, \u201eSnapchat\u201c, \u201eSlideshare\u201c und \u201eWhatsApp\u201c enthalten. Erst bei Dr\u00fccken der jeweiligen Buttons k\u00f6nnen personenbezogene Daten (z.B. IP-Adresse) durch die Betreiber der jeweiligen sozialen Netzwerke erfasst werden. Durch das Dr\u00fccken dieser Buttons stimmen Sie dabei der Daten\u00fcbermittlung an die Betreiber dieser Plattformen zu. Wir haben keinen Einfluss auf die Erfassung der Daten durch die jeweiligen Betreiber der sozialen Netzwerke. Informationen zum Ausma\u00df und Nutzung der erhobenen Daten finden sich in den Datenschutzerkl\u00e4rungen der jeweiligen sozialen Netzwerke.<\/p>\n<p><strong>2.4 Google Analytics, Cookies, Web-Beacons<\/strong><\/p>\n<p>Wir verwenden weder Google Analytics, noch Cookies oder Web-Beacons.<\/p>\n<p><strong>2.5 Verarbeitung und \u00dcbermittlung zu anderen Zwecken<\/strong><\/p>\n<p>Wir sind berechtigt, Ihre Daten auch zu anderen als unter 2.1. bis einschlie\u00dflich 2.4. genannten Zwecken zu verarbeiten und zu \u00fcbermitteln. Ihre Einwilligung in eine solche Verarbeitung und \u00dcbermittlung k\u00f6nnen Sie aber jederzeit auch widerrufen, was zur Folge hat, dass wir Ihre Daten nicht an den jeweiligen Dritten \u00fcbermitteln werden oder verarbeiten werden.<\/p>\n<p>Widerrufen Sie Ihre Einwilligung in die Weitergabe an Dritte oder in die Verarbeitung Ihrer Daten zu anderen Zwecken, werden wir sie nicht mehr an Dritte \u00fcbermitteln bzw nicht mehr f\u00fcr andere Zwecke verwenden. Eine L\u00f6schung Ihrer Daten erfolgt aber erst und nur dann, wenn ihre Aufbewahrung nicht aus anderen Gr\u00fcnden weiterhin erforderlich ist und uns auch keine gesetzlichen Aufbewahrungspflichten hinsichtlich dieser Daten mehr treffen.<\/p>\n<p>Gleiches gilt f\u00fcr die vollst\u00e4ndige Abwicklung des Kaufvertrages und vollst\u00e4ndiger Kaufpreiszahlung.<\/p>\n<p><strong>2.6 Verarbeitung von Daten von Auftragnehmern<\/strong><\/p>\n<p>Personenbezogene Daten von Auftragnehmer werden zum Zwecke der Vertragsabwicklung sowie die damit im Zusammenhang stehende Kommunikation erhoben, verarbeitet und gespeichert.<\/p>\n<h2>3. Erhebung und Verarbeitung von Auftraggeberdaten<\/h2>\n<p>Im Rahmen einer Beauftragung aber auch schon im Zeitpunkt der Vertragsanbahnung erheben wir von Ihnen jedenfalls folgende Daten: Name, Adressen, Geburtsdatum, Emailadresse, Telefonnummer. Je nach Auftrag k\u00f6nnen weitere Daten hinzukommen, welche wir von Ihnen erfragen. Die Datenkategorie sowie die erfragten Daten variieren von Fall zu Fall.\u00a0\u2028Es besteht auch die M\u00f6glichkeit, dass wir derartige allgemeine Kontaktdaten aus \u00f6ffentlich zug\u00e4nglichen Quellen beziehen (z.B. Internet)<\/p>\n<h2>4. Verarbeitung durch Auftragsdatenverarbeiter und Weitergabe Ihrer Daten in Drittl\u00e4nder oder an internationale Organisationen<\/h2>\n<p>F\u00fcr die Verarbeitung und Nutzung Ihrer Daten zu den Zwecken wie sie in dieser Datenschutzerkl\u00e4rung angef\u00fchrt sind, bedienen wir uns externer Auftragsdatenverarbeiter, denen wir Ihre Daten zur Verf\u00fcgung stellen m\u00fcssen, damit sie einerseits ihre Dienstleistungen wie etwa im Zusammenhang mit der Pflege und Verwaltung Ihrer Daten an uns erbringen k\u00f6nnen, und andererseits, damit wir Ihnen unsere Services, wie etwa Beh\u00f6rdenkommunikation anbieten k\u00f6nnen. Wir werden stets vor Weitergabe dieser Daten an einen solchen Auftragsdatenverarbeiter eine sichere und rechtskonforme Datenverarbeitung durch diesen Auftragsverarbeiter durch vertragliche Vereinbarungen sicherstellen und \u2013sofern der Auftragsverarbeiter au\u00dferhalb des Europ\u00e4ischen Wirtschaftsraums sitzt \u2013 f\u00fcr einen angemessen Schutz Ihrer Daten in diesem Land Sorge tragen. Grunds\u00e4tzlich ist es aber nicht von uns beabsichtigt, Daten an Empf\u00e4nger in Drittl\u00e4ndern oder internationalen Organisationen weiterzugeben.<\/p>\n<h2>5. Betroffenenrechte<\/h2>\n<p><strong>5.1 Recht auf Auskunft<\/strong><\/p>\n<p>Sie haben das Recht, eine Best\u00e4tigung dar\u00fcber zu verlangen, ob personenbezogene Daten zu Ihnen verarbeitet werden. Wenn dies der Fall ist, haben Sie ein Recht auf Auskunft \u00fcber diese personenbezogenen Daten.<\/p>\n<p><strong>5.2 Recht auf Berichtigung<\/strong><\/p>\n<p>Sie haben das Recht, die Berichtigung unrichtiger Daten zu verlangen. Soweit dies f\u00fcr die Erreichung des Zwecks einer Datenverarbeitung erforderlich ist, haben Sie weiters das Recht, die Vervollst\u00e4ndigung unvollst\u00e4ndiger Daten zu verlangen.<\/p>\n<p><strong>5.3 Recht auf L\u00f6schung<\/strong><\/p>\n<p>Sie haben das Recht die L\u00f6schung Ihrer personenbezogenen Daten zu verlangen. Sofern kein gesetzlich anerkannter Grund gegen eine L\u00f6schung spricht, werden wir Ihre personenbezogenen Daten unverz\u00fcglich l\u00f6schen.<\/p>\n<p><strong>5.4 Recht auf Einschr\u00e4nkung der Verarbeitung<\/strong><\/p>\n<p>Unter folgenden Voraussetzungen haben Sie das Recht, die Einschr\u00e4nkung der Verarbeitung zu verlangen:<br \/>\n1. Sie bestreiten die Richtigkeit Ihrer personenbezogenen Daten;<br \/>\n2. Sie verlangen anstelle einer L\u00f6schung unrechtm\u00e4\u00dfig verarbeiteter Daten deren Einschr\u00e4nkung der Nutzung;<br \/>\n3. Sie ben\u00f6tigen verarbeitete Daten zur Geltendmachung, Aus\u00fcbung oder Verteidigung von Rechtsanspr\u00fcchen;<br \/>\n4. bei Aus\u00fcbung des Widerspruchsrechts, f\u00fcr die Dauer der Kl\u00e4rung, ob berechtigte Gr\u00fcnde eine weitere Datenverarbeitung erfordern.<\/p>\n<p><strong>5.5 Recht auf Widerspruch<\/strong><\/p>\n<p>Wenn eine Datenverarbeitung zur Wahrung berechtigter Interessen von uns oder einem Dritten erforderlich ist, haben Sie das Recht aufgrund von Gr\u00fcnden, die sich aus Ihrer besonderen Situation ergeben, Widerspruch gegen die Verarbeitung einzulegen. Wenn keine zwingenden schutzw\u00fcrdigen Gr\u00fcnde f\u00fcr eine weitere Verarbeitung vorliegen, die Ihren Interessen, Rechten und Freiheiten \u00fcberwiegen und eine weitere Verarbeitung auch nicht zur Geltendmachung, Aus\u00fcbung oder Verteidigung von Rechtsanspr\u00fcchen erforderlich ist, werden wir Ihre Daten unverz\u00fcglich l\u00f6schen.<\/p>\n<p><strong>5.6 Recht auf Daten\u00fcbertragung<\/strong><\/p>\n<p>Wenn wir automationsunterst\u00fctzt Daten aufgrund Ihrer Einwilligung oder zur Erf\u00fcllung eines Vertrages mit Ihnen verarbeiten, haben Sie das Recht, die von Ihnen bereitgestellten Daten in einem g\u00e4ngigen elektronischen Format zu erhalten. Soweit dies technisch m\u00f6glich ist, haben Sie weiters das Recht, die \u00dcbermittlung der von Ihnen bereitgestellten Daten an einen anderen Verantwortlichen zu verlangen.<\/p>\n<p><strong>5.7 Recht auf Beschwerde<\/strong><\/p>\n<p>Sie haben das Recht, sich bei einer Aufsichtsbeh\u00f6rde zu beschweren, wenn Sie der Ansicht sind, die Verarbeitung ihrer Daten erfolgt unrechtm\u00e4\u00dfig.<\/p>\n<p><strong>5.8 Recht auf Widerruf<\/strong><\/p>\n<p>Sie haben das Recht Einwilligungen, die Sie uns zur Verarbeitung Ihrer Daten erteilt haben, jederzeit zu widerrufen. Die Rechtm\u00e4\u00dfigkeit von Datenverarbeitungen, die wir bis zu Ihrem Widerruf vorgenommen haben, wird dadurch nicht ber\u00fchrt.<\/p>\n<p><strong>5.9 Kontaktstelle f\u00fcr Betroffenenrechte<\/strong><\/p>\n<p>Wenn Sie von Ihren Betroffenenrechten Gebrauch machen sollen, wenden Sie sich bitte:<br \/>\n&#8211; per E-Mail an: <a href=\"mailto:kanzlei@lawpoint.at\">kanzlei@lawpoint.at<\/a> \u00a0Im Fall von Auskunftsbegehren ersuchen wir Sie zum Zweck Ihrer Identifizierung eine amtliche Ausweiskopie mitzuschicken.<\/p>\n<h2>6. Speicherdauer<\/h2>\n<p>Wir sind bestrebt, Ihre Daten nur solange zu speichern, wie dies notwendig ist. Haben Sie der Verarbeitung Ihrer Daten zugestimmt, speichern wir diese bei wiederkehrender Verarbeitung bis zu Ihrem Widerruf bzw solange wir sie aus gesetzlichen Pflichten oder berechtigten Gr\u00fcnden speichern m\u00fcssen. Bei einmaliger Verarbeitung speichern wir sie maximal 3 Jahre lang, es sei denn, eine l\u00e4ngere Speicherdauer ist aus gesetzlichen Pflichten oder berechtigten Gr\u00fcnden notwendig. Bei einer Verarbeitung zur Erf\u00fcllung vertraglicher Pflichten speichern wir die Daten bis unsere Pflichten vollst\u00e4ndig erf\u00fcllt sind, und wir die Daten nicht aus gesetzlichen Pflichten (zB steuerliche Gr\u00fcnde) oder berechtigten Gr\u00fcnden (zB Gew\u00e4hrleistung, Schadenersatz) speichern m\u00fcssen.<\/p>\n<h2>7. Datensicherheitsma\u00dfnahmen<\/h2>\n<p>Wir kommen s\u00e4mtlichen gesetzlich aufgetragenen Datensicherheitsma\u00dfnahmen in vollem Umfang nach.<\/p>\n<h2>8. Kontaktdaten des Verantwortlichen<\/h2>\n<p>Verantwortlicher iSd DSGVO:<br \/>\nJakob H\u00fctthaler-Brandauer,<br \/>\nOtto Bauer Gasse 4, 1060 Wien<br \/>\n<a href=\"mailto:kanzlei@lawpoint.at\">kanzlei@lawpoint.at<\/a><\/p>\n<h2>9. Erhebung personenbezogener Daten nicht bei der betroffenen Person<\/h2>\n<p>Wenn wir Daten nicht bei der betroffenen Person erheben, werden wir den Verpflichtungen nach Art 14 DSGVO unmittelbar gegen\u00fcber der betroffenen Person nachkommen.<\/p>\n<h2>10. Zust\u00e4ndige Aufsichtsbeh\u00f6rde, Beschwerderecht<\/h2>\n<p>Sie haben das Recht, sich jederzeit \u00fcber Datenverarbeitungen bei der zust\u00e4ndigen Aufsichtsbeh\u00f6rde zu beschweren. Die f\u00fcr uns zust\u00e4ndige Aufsichtsbeh\u00f6rde erreichen Sie hier:<br \/>\n<br class=\"clear\" \/>\u00d6sterreichische Datenschutzbeh\u00f6rde<br \/>\nWickenburggasse 8-10<br \/>\n1080 Wien<br \/>\nTelefon: +43 1 52 152-25 69<br \/>\nE-Mail: <a href=\"mailto:dsb@dsb.gv.at\">dsb@dsb.gv.at<\/a><\/p>\n<h2>11. \u00c4nderungen<\/h2>\n<p>Wir \u00fcberpr\u00fcfen diese Datenschutzerkl\u00e4rung regelm\u00e4\u00dfig. Es kann von Zeit zu Zeit notwendig sein, \u00c4nderungen an der Datenschutzerkl\u00e4rung vorzunehmen. Auf unseren Webseiten wird die jeweils aktuellste Version der Datenschutzerkl\u00e4rung ver\u00f6ffentlicht.<br \/>\n<br class=\"clear\" \/><small>Stand:\u00a001.03.2020<\/small>[\/vc_column_text][\/vc_column][\/vc_row]<\/p>\n<\/div>","protected":false},"excerpt":{"rendered":"<p>[vc_row full_height=&#8220;yes&#8220;][vc_column][vc_column_text] 1. Einleitung Wir, Jakob H\u00fctthaler-Brandauer, das Team der Rechtsanwaltskanzlei H\u00fctthaler-Brandauer und Mag. Dipl.-HTL-Ing. Univ. Lektor Andreas Schm\u00f6lzer von SAICON Consulting freuen uns \u00fcber Ihr Interesse an Inhalten von<\/p>\n","protected":false},"author":1,"featured_media":0,"parent":0,"menu_order":0,"comment_status":"closed","ping_status":"closed","template":"","meta":{"footnotes":""},"class_list":["post-541","page","type-page","status-publish","hentry"],"_links":{"self":[{"href":"https:\/\/produktr\u00fcckruf.at\/index.php?rest_route=\/wp\/v2\/pages\/541","targetHints":{"allow":["GET"]}}],"collection":[{"href":"https:\/\/produktr\u00fcckruf.at\/index.php?rest_route=\/wp\/v2\/pages"}],"about":[{"href":"https:\/\/produktr\u00fcckruf.at\/index.php?rest_route=\/wp\/v2\/types\/page"}],"author":[{"embeddable":true,"href":"https:\/\/produktr\u00fcckruf.at\/index.php?rest_route=\/wp\/v2\/users\/1"}],"replies":[{"embeddable":true,"href":"https:\/\/produktr\u00fcckruf.at\/index.php?rest_route=%2Fwp%2Fv2%2Fcomments&post=541"}],"version-history":[{"count":18,"href":"https:\/\/produktr\u00fcckruf.at\/index.php?rest_route=\/wp\/v2\/pages\/541\/revisions"}],"predecessor-version":[{"id":723,"href":"https:\/\/produktr\u00fcckruf.at\/index.php?rest_route=\/wp\/v2\/pages\/541\/revisions\/723"}],"wp:attachment":[{"href":"https:\/\/produktr\u00fcckruf.at\/index.php?rest_route=%2Fwp%2Fv2%2Fmedia&parent=541"}],"curies":[{"name":"wp","href":"https:\/\/api.w.org\/{rel}","templated":true}]}}